{"id":1080,"date":"2023-06-24T17:30:36","date_gmt":"2023-06-24T10:30:36","guid":{"rendered":"https:\/\/yinkata.com\/tusach\/index.php\/san-pham\/dac-nhan-tam-va-nghe-thuat-thuyet-phuc\/"},"modified":"2023-06-24T17:52:48","modified_gmt":"2023-06-24T10:52:48","slug":"dac-nhan-tam-va-nghe-thuat-thuyet-phuc","status":"publish","type":"product","link":"https:\/\/yinkata.com\/tusach\/index.php\/san-pham\/dac-nhan-tam-va-nghe-thuat-thuyet-phuc\/","title":{"rendered":"\u0110\u1eaeC NH\u00c2N T\u00c2M V\u00c0 NGH\u1ec6 THU\u1eacT THUY\u1ebeT PH\u1ee4C"},"content":{"rendered":"<p>T\u00e1c Gi\u1ea3: N\/A<br \/>\nD\u1ecbch Gi\u1ea3: Phan Kim Hoa-Nguy\u1ec5n L\u00ea Tu\u1ea5n<br \/>\nNh\u00e0 Xu\u1ea5t B\u1ea3n: Nxb Thanh Ni\u00ean<br \/>\nNg\u00f4n Ng\u1eef: Ti\u1ebfng Vi\u1ec7t<\/p>\n","protected":false},"excerpt":{"rendered":"<p>T\u00e1c Gi\u1ea3: N\/A D\u1ecbch Gi\u1ea3: Phan Kim Hoa-Nguy\u1ec5n L\u00ea Tu\u1ea5n Nh\u00e0 Xu\u1ea5t B\u1ea3n: Nxb Thanh Ni\u00ean Ng\u00f4n Ng\u1eef: Ti\u1ebfng Vi\u1ec7t<\/p>\n","protected":false},"featured_media":0,"comment_status":"open","ping_status":"closed","template":"","meta":[],"product_cat":[35],"product_tag":[],"class_list":["post-1080","product","type-product","status-publish","hentry","product_cat-plk"],"_links":{"self":[{"href":"https:\/\/yinkata.com\/tusach\/index.php\/wp-json\/wp\/v2\/product\/1080","targetHints":{"allow":["GET"]}}],"collection":[{"href":"https:\/\/yinkata.com\/tusach\/index.php\/wp-json\/wp\/v2\/product"}],"about":[{"href":"https:\/\/yinkata.com\/tusach\/index.php\/wp-json\/wp\/v2\/types\/product"}],"replies":[{"embeddable":true,"href":"https:\/\/yinkata.com\/tusach\/index.php\/wp-json\/wp\/v2\/comments?post=1080"}],"wp:attachment":[{"href":"https:\/\/yinkata.com\/tusach\/index.php\/wp-json\/wp\/v2\/media?parent=1080"}],"wp:term":[{"taxonomy":"product_cat","embeddable":true,"href":"https:\/\/yinkata.com\/tusach\/index.php\/wp-json\/wp\/v2\/product_cat?post=1080"},{"taxonomy":"product_tag","embeddable":true,"href":"https:\/\/yinkata.com\/tusach\/index.php\/wp-json\/wp\/v2\/product_tag?post=1080"}],"curies":[{"name":"wp","href":"https:\/\/api.w.org\/{rel}","templated":true}]}}