{"id":1078,"date":"2023-06-24T17:30:36","date_gmt":"2023-06-24T10:30:36","guid":{"rendered":"https:\/\/yinkata.com\/tusach\/index.php\/san-pham\/dac-nhan-tam-bi-quyet-thanh-cong\/"},"modified":"2023-06-24T17:52:48","modified_gmt":"2023-06-24T10:52:48","slug":"dac-nhan-tam-bi-quyet-thanh-cong","status":"publish","type":"product","link":"https:\/\/yinkata.com\/tusach\/index.php\/san-pham\/dac-nhan-tam-bi-quyet-thanh-cong\/","title":{"rendered":"\u0110\u1eaeC NH\u00c2N T\u00c2M &#8211; B\u00cd QUY\u1ebeT TH\u00c0NH C\u00d4NG"},"content":{"rendered":"<p>T\u00e1c Gi\u1ea3: Dale Carnegie<br \/>\nD\u1ecbch Gi\u1ea3: Nguy\u1ec5n Hi\u1ebfn L\u00ea<br \/>\nNh\u00e0 Xu\u1ea5t B\u1ea3n: Nxb V\u0103n H\u00f3a Th\u00f4ng Tin<br \/>\nNg\u00f4n Ng\u1eef: Ti\u1ebfng Vi\u1ec7t<\/p>\n","protected":false},"excerpt":{"rendered":"<p>T\u00e1c Gi\u1ea3: Dale Carnegie D\u1ecbch Gi\u1ea3: Nguy\u1ec5n Hi\u1ebfn L\u00ea Nh\u00e0 Xu\u1ea5t B\u1ea3n: Nxb V\u0103n H\u00f3a Th\u00f4ng Tin Ng\u00f4n Ng\u1eef: Ti\u1ebfng Vi\u1ec7t<\/p>\n","protected":false},"featured_media":0,"comment_status":"open","ping_status":"closed","template":"","meta":[],"product_cat":[35],"product_tag":[],"class_list":["post-1078","product","type-product","status-publish","hentry","product_cat-plk"],"_links":{"self":[{"href":"https:\/\/yinkata.com\/tusach\/index.php\/wp-json\/wp\/v2\/product\/1078","targetHints":{"allow":["GET"]}}],"collection":[{"href":"https:\/\/yinkata.com\/tusach\/index.php\/wp-json\/wp\/v2\/product"}],"about":[{"href":"https:\/\/yinkata.com\/tusach\/index.php\/wp-json\/wp\/v2\/types\/product"}],"replies":[{"embeddable":true,"href":"https:\/\/yinkata.com\/tusach\/index.php\/wp-json\/wp\/v2\/comments?post=1078"}],"wp:attachment":[{"href":"https:\/\/yinkata.com\/tusach\/index.php\/wp-json\/wp\/v2\/media?parent=1078"}],"wp:term":[{"taxonomy":"product_cat","embeddable":true,"href":"https:\/\/yinkata.com\/tusach\/index.php\/wp-json\/wp\/v2\/product_cat?post=1078"},{"taxonomy":"product_tag","embeddable":true,"href":"https:\/\/yinkata.com\/tusach\/index.php\/wp-json\/wp\/v2\/product_tag?post=1078"}],"curies":[{"name":"wp","href":"https:\/\/api.w.org\/{rel}","templated":true}]}}