{"id":1064,"date":"2023-06-24T17:30:17","date_gmt":"2023-06-24T10:30:17","guid":{"rendered":"https:\/\/yinkata.com\/tusach\/index.php\/san-pham\/da-den-luc-phai-cung-ran-de-khoi-phuc-nuoc-my\/"},"modified":"2023-06-25T17:31:59","modified_gmt":"2023-06-25T10:31:59","slug":"da-den-luc-phai-cung-ran-de-khoi-phuc-nuoc-my","status":"publish","type":"product","link":"https:\/\/yinkata.com\/tusach\/index.php\/san-pham\/da-den-luc-phai-cung-ran-de-khoi-phuc-nuoc-my\/","title":{"rendered":"\u0110\u00c3 \u0110\u1ebeN L\u00daC PH\u1ea2I C\u1ee8NG R\u1eaeN \u0110\u1ec2 KH\u00d4I PH\u1ee4C N\u01af\u1edaC M\u1ef8"},"content":{"rendered":"<p>T\u00e1c Gi\u1ea3: Donald J. Trump<br \/>\nD\u1ecbch Gi\u1ea3: Ho\u00e0ng \u0110\u0103ng S\u01a1n,<br \/>\nTr\u1ea7n Th\u1ea3o Lam<br \/>\nNh\u00e0 Xu\u1ea5t B\u1ea3n: Nxb Th\u1ebf Gi\u1edbi<br \/>\nNg\u00f4n Ng\u1eef: Ti\u1ebfng Vi\u1ec7t<\/p>\n","protected":false},"excerpt":{"rendered":"<p>T\u00e1c Gi\u1ea3: Donald J. Trump D\u1ecbch Gi\u1ea3: Ho\u00e0ng \u0110\u0103ng S\u01a1n, Tr\u1ea7n Th\u1ea3o Lam Nh\u00e0 Xu\u1ea5t B\u1ea3n: Nxb Th\u1ebf Gi\u1edbi Ng\u00f4n Ng\u1eef: Ti\u1ebfng Vi\u1ec7t<\/p>\n","protected":false},"featured_media":1520,"comment_status":"open","ping_status":"closed","template":"","meta":[],"product_cat":[35],"product_tag":[],"class_list":["post-1064","product","type-product","status-publish","has-post-thumbnail","hentry","product_cat-plk"],"_links":{"self":[{"href":"https:\/\/yinkata.com\/tusach\/index.php\/wp-json\/wp\/v2\/product\/1064","targetHints":{"allow":["GET"]}}],"collection":[{"href":"https:\/\/yinkata.com\/tusach\/index.php\/wp-json\/wp\/v2\/product"}],"about":[{"href":"https:\/\/yinkata.com\/tusach\/index.php\/wp-json\/wp\/v2\/types\/product"}],"replies":[{"embeddable":true,"href":"https:\/\/yinkata.com\/tusach\/index.php\/wp-json\/wp\/v2\/comments?post=1064"}],"wp:featuredmedia":[{"embeddable":true,"href":"https:\/\/yinkata.com\/tusach\/index.php\/wp-json\/wp\/v2\/media\/1520"}],"wp:attachment":[{"href":"https:\/\/yinkata.com\/tusach\/index.php\/wp-json\/wp\/v2\/media?parent=1064"}],"wp:term":[{"taxonomy":"product_cat","embeddable":true,"href":"https:\/\/yinkata.com\/tusach\/index.php\/wp-json\/wp\/v2\/product_cat?post=1064"},{"taxonomy":"product_tag","embeddable":true,"href":"https:\/\/yinkata.com\/tusach\/index.php\/wp-json\/wp\/v2\/product_tag?post=1064"}],"curies":[{"name":"wp","href":"https:\/\/api.w.org\/{rel}","templated":true}]}}