{"id":1059,"date":"2023-06-24T17:30:16","date_gmt":"2023-06-24T10:30:16","guid":{"rendered":"https:\/\/yinkata.com\/tusach\/index.php\/san-pham\/dien-cuong-nhu-ve-tue\/"},"modified":"2023-06-25T17:36:43","modified_gmt":"2023-06-25T10:36:43","slug":"dien-cuong-nhu-ve-tue","status":"publish","type":"product","link":"https:\/\/yinkata.com\/tusach\/index.php\/san-pham\/dien-cuong-nhu-ve-tue\/","title":{"rendered":"\u0110I\u00caN CU\u1ed2NG NH\u01af V\u1ec6 TU\u1ec6"},"content":{"rendered":"<p>T\u00e1c Gi\u1ea3: V\u1ec7 Tu\u1ec7<br \/>\nD\u1ecbch Gi\u1ea3: S\u01a1n L\u00ea<br \/>\nNh\u00e0 Xu\u1ea5t B\u1ea3n: Nxb H\u1ed9i Nh\u00e0 V\u0103n<br \/>\nNg\u00f4n Ng\u1eef: Ti\u1ebfng Vi\u1ec7t<\/p>\n","protected":false},"excerpt":{"rendered":"<p>T\u00e1c Gi\u1ea3: V\u1ec7 Tu\u1ec7 D\u1ecbch Gi\u1ea3: S\u01a1n L\u00ea Nh\u00e0 Xu\u1ea5t B\u1ea3n: Nxb H\u1ed9i Nh\u00e0 V\u0103n Ng\u00f4n Ng\u1eef: Ti\u1ebfng Vi\u1ec7t<\/p>\n","protected":false},"featured_media":1458,"comment_status":"open","ping_status":"closed","template":"","meta":[],"product_cat":[39],"product_tag":[],"class_list":["post-1059","product","type-product","status-publish","has-post-thumbnail","hentry","product_cat-vhg"],"_links":{"self":[{"href":"https:\/\/yinkata.com\/tusach\/index.php\/wp-json\/wp\/v2\/product\/1059","targetHints":{"allow":["GET"]}}],"collection":[{"href":"https:\/\/yinkata.com\/tusach\/index.php\/wp-json\/wp\/v2\/product"}],"about":[{"href":"https:\/\/yinkata.com\/tusach\/index.php\/wp-json\/wp\/v2\/types\/product"}],"replies":[{"embeddable":true,"href":"https:\/\/yinkata.com\/tusach\/index.php\/wp-json\/wp\/v2\/comments?post=1059"}],"wp:featuredmedia":[{"embeddable":true,"href":"https:\/\/yinkata.com\/tusach\/index.php\/wp-json\/wp\/v2\/media\/1458"}],"wp:attachment":[{"href":"https:\/\/yinkata.com\/tusach\/index.php\/wp-json\/wp\/v2\/media?parent=1059"}],"wp:term":[{"taxonomy":"product_cat","embeddable":true,"href":"https:\/\/yinkata.com\/tusach\/index.php\/wp-json\/wp\/v2\/product_cat?post=1059"},{"taxonomy":"product_tag","embeddable":true,"href":"https:\/\/yinkata.com\/tusach\/index.php\/wp-json\/wp\/v2\/product_tag?post=1059"}],"curies":[{"name":"wp","href":"https:\/\/api.w.org\/{rel}","templated":true}]}}