{"id":1051,"date":"2023-06-24T17:30:14","date_gmt":"2023-06-24T10:30:14","guid":{"rendered":"https:\/\/yinkata.com\/tusach\/index.php\/san-pham\/yoga-tri-46-benh\/"},"modified":"2023-06-25T17:40:53","modified_gmt":"2023-06-25T10:40:53","slug":"yoga-tri-46-benh","status":"publish","type":"product","link":"https:\/\/yinkata.com\/tusach\/index.php\/san-pham\/yoga-tri-46-benh\/","title":{"rendered":"YOGA TR\u1eca 46 B\u1ec6NH"},"content":{"rendered":"<p>T\u00e1c Gi\u1ea3: Charles Anthony<br \/>\nD\u1ecbch Gi\u1ea3: L\u00ea Th\u00e0nh<br \/>\nNh\u00e0 Xu\u1ea5t B\u1ea3n: Nxb Thanh H\u00f3a<br \/>\nNg\u00f4n Ng\u1eef: Ti\u1ebfng Vi\u1ec7t<\/p>\n","protected":false},"excerpt":{"rendered":"<p>T\u00e1c Gi\u1ea3: Charles Anthony D\u1ecbch Gi\u1ea3: L\u00ea Th\u00e0nh Nh\u00e0 Xu\u1ea5t B\u1ea3n: Nxb Thanh H\u00f3a Ng\u00f4n Ng\u1eef: Ti\u1ebfng Vi\u1ec7t<\/p>\n","protected":false},"featured_media":1378,"comment_status":"open","ping_status":"closed","template":"","meta":[],"product_cat":[42],"product_tag":[],"class_list":["post-1051","product","type-product","status-publish","has-post-thumbnail","hentry","product_cat-yog"],"_links":{"self":[{"href":"https:\/\/yinkata.com\/tusach\/index.php\/wp-json\/wp\/v2\/product\/1051","targetHints":{"allow":["GET"]}}],"collection":[{"href":"https:\/\/yinkata.com\/tusach\/index.php\/wp-json\/wp\/v2\/product"}],"about":[{"href":"https:\/\/yinkata.com\/tusach\/index.php\/wp-json\/wp\/v2\/types\/product"}],"replies":[{"embeddable":true,"href":"https:\/\/yinkata.com\/tusach\/index.php\/wp-json\/wp\/v2\/comments?post=1051"}],"wp:featuredmedia":[{"embeddable":true,"href":"https:\/\/yinkata.com\/tusach\/index.php\/wp-json\/wp\/v2\/media\/1378"}],"wp:attachment":[{"href":"https:\/\/yinkata.com\/tusach\/index.php\/wp-json\/wp\/v2\/media?parent=1051"}],"wp:term":[{"taxonomy":"product_cat","embeddable":true,"href":"https:\/\/yinkata.com\/tusach\/index.php\/wp-json\/wp\/v2\/product_cat?post=1051"},{"taxonomy":"product_tag","embeddable":true,"href":"https:\/\/yinkata.com\/tusach\/index.php\/wp-json\/wp\/v2\/product_tag?post=1051"}],"curies":[{"name":"wp","href":"https:\/\/api.w.org\/{rel}","templated":true}]}}