{"id":1044,"date":"2023-06-24T17:29:58","date_gmt":"2023-06-24T10:29:58","guid":{"rendered":"https:\/\/yinkata.com\/tusach\/index.php\/san-pham\/xet-nghiem-co-ban-va-atlas-ky-sinh-trung\/"},"modified":"2023-06-24T17:52:39","modified_gmt":"2023-06-24T10:52:39","slug":"xet-nghiem-co-ban-va-atlas-ky-sinh-trung","status":"publish","type":"product","link":"https:\/\/yinkata.com\/tusach\/index.php\/san-pham\/xet-nghiem-co-ban-va-atlas-ky-sinh-trung\/","title":{"rendered":"X\u00c9T NGHI\u1ec6M C\u01a0 B\u1ea2N V\u00c0 ATLAS K\u00dd SINH TR\u00d9NG"},"content":{"rendered":"<p>T\u00e1c Gi\u1ea3: B\u1ed9 M\u00f4n K\u00fd Sinh-Khoa Y-\u0110\u1ea1i H\u1ecdc Y D\u01b0\u1ee3c Tphcm<br \/>\nD\u1ecbch Gi\u1ea3: &#8211;<br \/>\nNh\u00e0 Xu\u1ea5t B\u1ea3n: N\u1ed9i B\u1ed9<br \/>\nNg\u00f4n Ng\u1eef: Ti\u1ebfng Vi\u1ec7t<\/p>\n","protected":false},"excerpt":{"rendered":"<p>T\u00e1c Gi\u1ea3: B\u1ed9 M\u00f4n K\u00fd Sinh-Khoa Y-\u0110\u1ea1i H\u1ecdc Y D\u01b0\u1ee3c Tphcm D\u1ecbch Gi\u1ea3: &#8211; Nh\u00e0 Xu\u1ea5t B\u1ea3n: N\u1ed9i B\u1ed9 Ng\u00f4n Ng\u1eef: Ti\u1ebfng Vi\u1ec7t<\/p>\n","protected":false},"featured_media":0,"comment_status":"open","ping_status":"closed","template":"","meta":[],"product_cat":[44],"product_tag":[],"class_list":["post-1044","product","type-product","status-publish","hentry","product_cat-yds"],"_links":{"self":[{"href":"https:\/\/yinkata.com\/tusach\/index.php\/wp-json\/wp\/v2\/product\/1044","targetHints":{"allow":["GET"]}}],"collection":[{"href":"https:\/\/yinkata.com\/tusach\/index.php\/wp-json\/wp\/v2\/product"}],"about":[{"href":"https:\/\/yinkata.com\/tusach\/index.php\/wp-json\/wp\/v2\/types\/product"}],"replies":[{"embeddable":true,"href":"https:\/\/yinkata.com\/tusach\/index.php\/wp-json\/wp\/v2\/comments?post=1044"}],"wp:attachment":[{"href":"https:\/\/yinkata.com\/tusach\/index.php\/wp-json\/wp\/v2\/media?parent=1044"}],"wp:term":[{"taxonomy":"product_cat","embeddable":true,"href":"https:\/\/yinkata.com\/tusach\/index.php\/wp-json\/wp\/v2\/product_cat?post=1044"},{"taxonomy":"product_tag","embeddable":true,"href":"https:\/\/yinkata.com\/tusach\/index.php\/wp-json\/wp\/v2\/product_tag?post=1044"}],"curies":[{"name":"wp","href":"https:\/\/api.w.org\/{rel}","templated":true}]}}