{"id":1039,"date":"2023-06-24T17:29:57","date_gmt":"2023-06-24T10:29:57","guid":{"rendered":"https:\/\/yinkata.com\/tusach\/index.php\/san-pham\/vu-khi-bong-dem-tap-1-6-thanh-pho-xuong\/"},"modified":"2023-06-25T17:49:46","modified_gmt":"2023-06-25T10:49:46","slug":"vu-khi-bong-dem-tap-1-6-thanh-pho-xuong","status":"publish","type":"product","link":"https:\/\/yinkata.com\/tusach\/index.php\/san-pham\/vu-khi-bong-dem-tap-1-6-thanh-pho-xuong\/","title":{"rendered":"V\u0168 KH\u00cd B\u00d3NG \u0110\u00caM (T\u1eacP 1\/6): TH\u00c0NH PH\u1ed0 X\u01af\u01a0NG"},"content":{"rendered":"<p>T\u00e1c Gi\u1ea3: Cassandra Clare<br \/>\nD\u1ecbch Gi\u1ea3:<br \/>\nNh\u00e0 Xu\u1ea5t B\u1ea3n: Nxb Th\u1eddi \u0110\u1ea1i<br \/>\nNg\u00f4n Ng\u1eef: Ti\u1ebfng Vi\u1ec7t<\/p>\n","protected":false},"excerpt":{"rendered":"<p>T\u00e1c Gi\u1ea3: Cassandra Clare D\u1ecbch Gi\u1ea3: Nh\u00e0 Xu\u1ea5t B\u1ea3n: Nxb Th\u1eddi \u0110\u1ea1i Ng\u00f4n Ng\u1eef: Ti\u1ebfng Vi\u1ec7t<\/p>\n","protected":false},"featured_media":1315,"comment_status":"open","ping_status":"closed","template":"","meta":[],"product_cat":[39],"product_tag":[],"class_list":["post-1039","product","type-product","status-publish","has-post-thumbnail","hentry","product_cat-vhg"],"_links":{"self":[{"href":"https:\/\/yinkata.com\/tusach\/index.php\/wp-json\/wp\/v2\/product\/1039","targetHints":{"allow":["GET"]}}],"collection":[{"href":"https:\/\/yinkata.com\/tusach\/index.php\/wp-json\/wp\/v2\/product"}],"about":[{"href":"https:\/\/yinkata.com\/tusach\/index.php\/wp-json\/wp\/v2\/types\/product"}],"replies":[{"embeddable":true,"href":"https:\/\/yinkata.com\/tusach\/index.php\/wp-json\/wp\/v2\/comments?post=1039"}],"wp:featuredmedia":[{"embeddable":true,"href":"https:\/\/yinkata.com\/tusach\/index.php\/wp-json\/wp\/v2\/media\/1315"}],"wp:attachment":[{"href":"https:\/\/yinkata.com\/tusach\/index.php\/wp-json\/wp\/v2\/media?parent=1039"}],"wp:term":[{"taxonomy":"product_cat","embeddable":true,"href":"https:\/\/yinkata.com\/tusach\/index.php\/wp-json\/wp\/v2\/product_cat?post=1039"},{"taxonomy":"product_tag","embeddable":true,"href":"https:\/\/yinkata.com\/tusach\/index.php\/wp-json\/wp\/v2\/product_tag?post=1039"}],"curies":[{"name":"wp","href":"https:\/\/api.w.org\/{rel}","templated":true}]}}