{"id":1021,"date":"2023-06-24T17:29:53","date_gmt":"2023-06-24T10:29:53","guid":{"rendered":"https:\/\/yinkata.com\/tusach\/index.php\/san-pham\/tat-ca-cac-dong-song-deu-chay\/"},"modified":"2023-06-25T18:04:22","modified_gmt":"2023-06-25T11:04:22","slug":"tat-ca-cac-dong-song-deu-chay","status":"publish","type":"product","link":"https:\/\/yinkata.com\/tusach\/index.php\/san-pham\/tat-ca-cac-dong-song-deu-chay\/","title":{"rendered":"T\u1ea4T C\u1ea2 C\u00c1C D\u00d2NG S\u00d4NG \u0110\u1ec0U CH\u1ea2Y"},"content":{"rendered":"<p>T\u00e1c Gi\u1ea3: Nancycato<br \/>\nD\u1ecbch Gi\u1ea3: Tr\u01b0\u01a1ng V\u00f5 Anh Giang-Anh Tr\u1ea7n<br \/>\nNh\u00e0 Xu\u1ea5t B\u1ea3n: Nxb V\u0103n H\u1ecdc<br \/>\nNg\u00f4n Ng\u1eef: Ti\u1ebfng Vi\u1ec7t<\/p>\n","protected":false},"excerpt":{"rendered":"<p>T\u00e1c Gi\u1ea3: Nancycato D\u1ecbch Gi\u1ea3: Tr\u01b0\u01a1ng V\u00f5 Anh Giang-Anh Tr\u1ea7n Nh\u00e0 Xu\u1ea5t B\u1ea3n: Nxb V\u0103n H\u1ecdc Ng\u00f4n Ng\u1eef: Ti\u1ebfng Vi\u1ec7t<\/p>\n","protected":false},"featured_media":1300,"comment_status":"open","ping_status":"closed","template":"","meta":[],"product_cat":[36],"product_tag":[],"class_list":["post-1021","product","type-product","status-publish","has-post-thumbnail","hentry","product_cat-vcd"],"_links":{"self":[{"href":"https:\/\/yinkata.com\/tusach\/index.php\/wp-json\/wp\/v2\/product\/1021","targetHints":{"allow":["GET"]}}],"collection":[{"href":"https:\/\/yinkata.com\/tusach\/index.php\/wp-json\/wp\/v2\/product"}],"about":[{"href":"https:\/\/yinkata.com\/tusach\/index.php\/wp-json\/wp\/v2\/types\/product"}],"replies":[{"embeddable":true,"href":"https:\/\/yinkata.com\/tusach\/index.php\/wp-json\/wp\/v2\/comments?post=1021"}],"wp:featuredmedia":[{"embeddable":true,"href":"https:\/\/yinkata.com\/tusach\/index.php\/wp-json\/wp\/v2\/media\/1300"}],"wp:attachment":[{"href":"https:\/\/yinkata.com\/tusach\/index.php\/wp-json\/wp\/v2\/media?parent=1021"}],"wp:term":[{"taxonomy":"product_cat","embeddable":true,"href":"https:\/\/yinkata.com\/tusach\/index.php\/wp-json\/wp\/v2\/product_cat?post=1021"},{"taxonomy":"product_tag","embeddable":true,"href":"https:\/\/yinkata.com\/tusach\/index.php\/wp-json\/wp\/v2\/product_tag?post=1021"}],"curies":[{"name":"wp","href":"https:\/\/api.w.org\/{rel}","templated":true}]}}