{"id":1018,"date":"2023-06-24T17:29:52","date_gmt":"2023-06-24T10:29:52","guid":{"rendered":"https:\/\/yinkata.com\/tusach\/index.php\/san-pham\/tu-tuong-an-do-theo-dong-lich-su\/"},"modified":"2023-06-25T18:06:42","modified_gmt":"2023-06-25T11:06:42","slug":"tu-tuong-an-do-theo-dong-lich-su","status":"publish","type":"product","link":"https:\/\/yinkata.com\/tusach\/index.php\/san-pham\/tu-tuong-an-do-theo-dong-lich-su\/","title":{"rendered":"T\u01af T\u01af\u1edeNG \u1ea4N \u0110\u1ed8 THEO D\u00d2NG L\u1ecaCH S\u1eec"},"content":{"rendered":"<p>T\u00e1c Gi\u1ea3: Albert Schweitzer<br \/>\nD\u1ecbch Gi\u1ea3: Ki\u1ebfn V\u0103n-Tuy\u1ebft Minh<br \/>\nNh\u00e0 Xu\u1ea5t B\u1ea3n: Nxb V\u0103n H\u00f3a Th\u00f4ng Tin<br \/>\nNg\u00f4n Ng\u1eef: Ti\u1ebfng Vi\u1ec7t<\/p>\n","protected":false},"excerpt":{"rendered":"<p>T\u00e1c Gi\u1ea3: Albert Schweitzer D\u1ecbch Gi\u1ea3: Ki\u1ebfn V\u0103n-Tuy\u1ebft Minh Nh\u00e0 Xu\u1ea5t B\u1ea3n: Nxb V\u0103n H\u00f3a Th\u00f4ng Tin Ng\u00f4n Ng\u1eef: Ti\u1ebfng Vi\u1ec7t<\/p>\n","protected":false},"featured_media":1353,"comment_status":"open","ping_status":"closed","template":"","meta":[],"product_cat":[43],"product_tag":[],"class_list":["post-1018","product","type-product","status-publish","has-post-thumbnail","hentry","product_cat-vhl"],"_links":{"self":[{"href":"https:\/\/yinkata.com\/tusach\/index.php\/wp-json\/wp\/v2\/product\/1018","targetHints":{"allow":["GET"]}}],"collection":[{"href":"https:\/\/yinkata.com\/tusach\/index.php\/wp-json\/wp\/v2\/product"}],"about":[{"href":"https:\/\/yinkata.com\/tusach\/index.php\/wp-json\/wp\/v2\/types\/product"}],"replies":[{"embeddable":true,"href":"https:\/\/yinkata.com\/tusach\/index.php\/wp-json\/wp\/v2\/comments?post=1018"}],"wp:featuredmedia":[{"embeddable":true,"href":"https:\/\/yinkata.com\/tusach\/index.php\/wp-json\/wp\/v2\/media\/1353"}],"wp:attachment":[{"href":"https:\/\/yinkata.com\/tusach\/index.php\/wp-json\/wp\/v2\/media?parent=1018"}],"wp:term":[{"taxonomy":"product_cat","embeddable":true,"href":"https:\/\/yinkata.com\/tusach\/index.php\/wp-json\/wp\/v2\/product_cat?post=1018"},{"taxonomy":"product_tag","embeddable":true,"href":"https:\/\/yinkata.com\/tusach\/index.php\/wp-json\/wp\/v2\/product_tag?post=1018"}],"curies":[{"name":"wp","href":"https:\/\/api.w.org\/{rel}","templated":true}]}}