{"id":1005,"date":"2023-06-24T17:29:47","date_gmt":"2023-06-24T10:29:47","guid":{"rendered":"https:\/\/yinkata.com\/tusach\/index.php\/san-pham\/tru-ta-va-sieu-do\/"},"modified":"2023-06-25T18:14:59","modified_gmt":"2023-06-25T11:14:59","slug":"tru-ta-va-sieu-do","status":"publish","type":"product","link":"https:\/\/yinkata.com\/tusach\/index.php\/san-pham\/tru-ta-va-sieu-do\/","title":{"rendered":"TR\u1eea T\u00c0 V\u00c0 SI\u00caU \u0110\u1ed8"},"content":{"rendered":"<p>T\u00e1c Gi\u1ea3: L\u00fd C\u01b0 Minh<br \/>\nD\u1ecbch Gi\u1ea3: \u0110\u1ea1i \u0110\u1ee9c Th\u00edch Minh T\u00f4ng<br \/>\nNh\u00e0 Xu\u1ea5t B\u1ea3n: Nxb H\u1ed3ng B\u00e0ng<br \/>\nNg\u00f4n Ng\u1eef: Ti\u1ebfng Vi\u1ec7t<\/p>\n","protected":false},"excerpt":{"rendered":"<p>T\u00e1c Gi\u1ea3: L\u00fd C\u01b0 Minh D\u1ecbch Gi\u1ea3: \u0110\u1ea1i \u0110\u1ee9c Th\u00edch Minh T\u00f4ng Nh\u00e0 Xu\u1ea5t B\u1ea3n: Nxb H\u1ed3ng B\u00e0ng Ng\u00f4n Ng\u1eef: Ti\u1ebfng Vi\u1ec7t<\/p>\n","protected":false},"featured_media":1273,"comment_status":"open","ping_status":"closed","template":"","meta":[],"product_cat":[22],"product_tag":[],"class_list":["post-1005","product","type-product","status-publish","has-post-thumbnail","hentry","product_cat-tgi"],"_links":{"self":[{"href":"https:\/\/yinkata.com\/tusach\/index.php\/wp-json\/wp\/v2\/product\/1005","targetHints":{"allow":["GET"]}}],"collection":[{"href":"https:\/\/yinkata.com\/tusach\/index.php\/wp-json\/wp\/v2\/product"}],"about":[{"href":"https:\/\/yinkata.com\/tusach\/index.php\/wp-json\/wp\/v2\/types\/product"}],"replies":[{"embeddable":true,"href":"https:\/\/yinkata.com\/tusach\/index.php\/wp-json\/wp\/v2\/comments?post=1005"}],"wp:featuredmedia":[{"embeddable":true,"href":"https:\/\/yinkata.com\/tusach\/index.php\/wp-json\/wp\/v2\/media\/1273"}],"wp:attachment":[{"href":"https:\/\/yinkata.com\/tusach\/index.php\/wp-json\/wp\/v2\/media?parent=1005"}],"wp:term":[{"taxonomy":"product_cat","embeddable":true,"href":"https:\/\/yinkata.com\/tusach\/index.php\/wp-json\/wp\/v2\/product_cat?post=1005"},{"taxonomy":"product_tag","embeddable":true,"href":"https:\/\/yinkata.com\/tusach\/index.php\/wp-json\/wp\/v2\/product_tag?post=1005"}],"curies":[{"name":"wp","href":"https:\/\/api.w.org\/{rel}","templated":true}]}}