{"id":69,"date":"2023-06-21T20:05:07","date_gmt":"2023-06-21T13:05:07","guid":{"rendered":"https:\/\/yinkata.com\/tusach\/index.php\/gio-hang\/"},"modified":"2023-06-25T13:57:37","modified_gmt":"2023-06-25T06:57:37","slug":"gio-hang","status":"publish","type":"page","link":"https:\/\/yinkata.com\/tusach\/index.php\/gio-hang\/","title":{"rendered":"Phi\u1ebfu \u0110\u0103ng k\u00fd m\u01b0\u1ee3n S\u00e1ch"},"content":{"rendered":"\n","protected":false},"excerpt":{"rendered":"","protected":false},"author":1,"featured_media":0,"parent":0,"menu_order":0,"comment_status":"closed","ping_status":"closed","template":"","meta":{"footnotes":""},"class_list":["post-69","page","type-page","status-publish","hentry"],"_links":{"self":[{"href":"https:\/\/yinkata.com\/tusach\/index.php\/wp-json\/wp\/v2\/pages\/69","targetHints":{"allow":["GET"]}}],"collection":[{"href":"https:\/\/yinkata.com\/tusach\/index.php\/wp-json\/wp\/v2\/pages"}],"about":[{"href":"https:\/\/yinkata.com\/tusach\/index.php\/wp-json\/wp\/v2\/types\/page"}],"author":[{"embeddable":true,"href":"https:\/\/yinkata.com\/tusach\/index.php\/wp-json\/wp\/v2\/users\/1"}],"replies":[{"embeddable":true,"href":"https:\/\/yinkata.com\/tusach\/index.php\/wp-json\/wp\/v2\/comments?post=69"}],"version-history":[{"count":4,"href":"https:\/\/yinkata.com\/tusach\/index.php\/wp-json\/wp\/v2\/pages\/69\/revisions"}],"predecessor-version":[{"id":1193,"href":"https:\/\/yinkata.com\/tusach\/index.php\/wp-json\/wp\/v2\/pages\/69\/revisions\/1193"}],"wp:attachment":[{"href":"https:\/\/yinkata.com\/tusach\/index.php\/wp-json\/wp\/v2\/media?parent=69"}],"curies":[{"name":"wp","href":"https:\/\/api.w.org\/{rel}","templated":true}]}}