{"id":1212,"date":"2023-06-25T16:27:18","date_gmt":"2023-06-25T09:27:18","guid":{"rendered":"https:\/\/yinkata.com\/tusach\/?page_id=1212"},"modified":"2023-06-25T16:27:21","modified_gmt":"2023-06-25T09:27:21","slug":"thong-tin-lien-he","status":"publish","type":"page","link":"https:\/\/yinkata.com\/tusach\/index.php\/thong-tin-lien-he\/","title":{"rendered":"TH\u00d4NG TIN LI\u00caN H\u1ec6"},"content":{"rendered":"\n<div itemprop=\"location\" itemscope itemtype=\"http:\/\/schema.org\/Organization\" class=\"wp-block-jetpack-contact-info\"><\/div>\n\n\n\n<h3 class=\"wp-block-heading\">\u0110I\u1ec2M M\u01af\u1ee2N TR\u1ea2: QU\u1eacN 12<\/h3>\n\n\n\n<blockquote class=\"wp-block-quote is-layout-flow wp-block-quote-is-layout-flow\">\n<p>Ng\u01b0\u1eddi \u0110\u1ea1i Di\u1ec7n: Nguy\u1ec5n Ho\u00e0n Nguy\u00ean<\/p>\n\n\n\n<p>\u0110\u1ecba ch\u1ec9: \u0110\u01b0\u1eddng TL15, Ph\u01b0\u1eddng Th\u1ea1nh L\u1ed9c, Qu\u1eadn 12, TP. H\u1ed3 Ch\u00ed Minh<\/p>\n\n\n\n<p>S\u1ed1 \u0111i\u1ec7n tho\u1ea1i: 0946.197.805<\/p>\n<\/blockquote>\n\n\n\n<h3 class=\"wp-block-heading\">\u0110I\u1ec2M M\u01af\u1ee2N TR\u1ea2: QU\u1eacN T\u00c2N B\u00ccNH<\/h3>\n\n\n\n<blockquote class=\"wp-block-quote is-layout-flow wp-block-quote-is-layout-flow\">\n<p>Ng\u01b0\u1eddi \u0110\u1ea1i Di\u1ec7n: Nguy\u1ec5n Anh Tu\u1ea5n Anh<\/p>\n\n\n\n<p>\u0110\u1ecba ch\u1ec9: \u0110\u01b0\u1eddng Ngh\u0129a Ph\u00e1t, Ph\u01b0\u1eddng 6, Qu\u1eadn T\u00e2n B\u00ecnh, TP. H\u1ed3 Ch\u00ed Minh<\/p>\n\n\n\n<p>S\u1ed1 \u0111i\u1ec7n tho\u1ea1i: 0764.890.850<\/p>\n<\/blockquote>\n\n\n\n<h3 class=\"wp-block-heading\">\u0110I\u1ec2M M\u01af\u1ee2N TR\u1ea2: QU\u1eacN 1<\/h3>\n\n\n\n<blockquote class=\"wp-block-quote is-layout-flow wp-block-quote-is-layout-flow\">\n<p>Ng\u01b0\u1eddi \u0110\u1ea1i Di\u1ec7n: Tr\u1ea7n Quang Tr\u01b0\u1eddng<\/p>\n\n\n\n<p>\u0110\u1ecba ch\u1ec9: \u0110\u01b0\u1eddng \u0110i\u1ec7n Bi\u00ean Ph\u1ee7, Ph\u01b0\u1eddng \u0110a Kao, Qu\u1eadn 1, TP. H\u1ed3 Ch\u00ed Minh<\/p>\n\n\n\n<p>S\u1ed1 \u0111i\u1ec7n tho\u1ea1i: 0832.904.652<\/p>\n<\/blockquote>\n\n\n\n<h3 class=\"wp-block-heading\">TH\u00d4NG QUA \u0110\u01a0N V\u1eca V\u1eacN CHUY\u1ec2N<\/h3>\n\n\n\n<blockquote class=\"wp-block-quote is-layout-flow wp-block-quote-is-layout-flow\">\n<p>Ng\u01b0\u1eddi \u0110\u1ea1i Di\u1ec7n: Nguy\u1ec5n Ho\u00e0n Nguy\u00ean<\/p>\n\n\n\n<p>G\u1eedi t\u1eeb: \u0110\u01b0\u1eddng TL15, Ph\u01b0\u1eddng Th\u1ea1nh L\u1ed9c, Qu\u1eadn 12, TP. H\u1ed3 Ch\u00ed Minh<\/p>\n\n\n\n<p>S\u1ed1 \u0111i\u1ec7n tho\u1ea1i: 0946.197.805<\/p>\n<\/blockquote>\n","protected":false},"excerpt":{"rendered":"<p>\u0110I\u1ec2M M\u01af\u1ee2N TR\u1ea2: QU\u1eacN 12 Ng\u01b0\u1eddi \u0110\u1ea1i Di\u1ec7n: Nguy\u1ec5n Ho\u00e0n Nguy\u00ean \u0110\u1ecba ch\u1ec9: \u0110\u01b0\u1eddng TL15, Ph\u01b0\u1eddng Th\u1ea1nh L\u1ed9c, Qu\u1eadn 12, TP. H\u1ed3 Ch\u00ed Minh S\u1ed1 \u0111i\u1ec7n tho\u1ea1i: 0946.197.805 \u0110I\u1ec2M M\u01af\u1ee2N TR\u1ea2: QU\u1eacN T\u00c2N B\u00ccNH Ng\u01b0\u1eddi \u0110\u1ea1i Di\u1ec7n: Nguy\u1ec5n Anh Tu\u1ea5n Anh \u0110\u1ecba ch\u1ec9: \u0110\u01b0\u1eddng Ngh\u0129a Ph\u00e1t, Ph\u01b0\u1eddng 6, Qu\u1eadn T\u00e2n B\u00ecnh, TP. H\u1ed3 Ch\u00ed Minh&#8230;<\/p>\n","protected":false},"author":1,"featured_media":0,"parent":0,"menu_order":0,"comment_status":"closed","ping_status":"closed","template":"","meta":{"footnotes":""},"class_list":["post-1212","page","type-page","status-publish","hentry"],"_links":{"self":[{"href":"https:\/\/yinkata.com\/tusach\/index.php\/wp-json\/wp\/v2\/pages\/1212","targetHints":{"allow":["GET"]}}],"collection":[{"href":"https:\/\/yinkata.com\/tusach\/index.php\/wp-json\/wp\/v2\/pages"}],"about":[{"href":"https:\/\/yinkata.com\/tusach\/index.php\/wp-json\/wp\/v2\/types\/page"}],"author":[{"embeddable":true,"href":"https:\/\/yinkata.com\/tusach\/index.php\/wp-json\/wp\/v2\/users\/1"}],"replies":[{"embeddable":true,"href":"https:\/\/yinkata.com\/tusach\/index.php\/wp-json\/wp\/v2\/comments?post=1212"}],"version-history":[{"count":1,"href":"https:\/\/yinkata.com\/tusach\/index.php\/wp-json\/wp\/v2\/pages\/1212\/revisions"}],"predecessor-version":[{"id":1213,"href":"https:\/\/yinkata.com\/tusach\/index.php\/wp-json\/wp\/v2\/pages\/1212\/revisions\/1213"}],"wp:attachment":[{"href":"https:\/\/yinkata.com\/tusach\/index.php\/wp-json\/wp\/v2\/media?parent=1212"}],"curies":[{"name":"wp","href":"https:\/\/api.w.org\/{rel}","templated":true}]}}