{"id":79,"date":"2024-03-26T21:35:03","date_gmt":"2024-03-26T14:35:03","guid":{"rendered":"https:\/\/yinkata.com\/hanhtrinh\/index.php\/register\/"},"modified":"2024-03-26T21:40:39","modified_gmt":"2024-03-26T14:40:39","slug":"register","status":"publish","type":"page","link":"https:\/\/yinkata.com\/hanhtrinh\/index.php\/register\/","title":{"rendered":"\u0110\u0102NG K\u00dd T\u00c0I KHO\u1ea2N"},"content":{"rendered":"        <form enctype=\"multipart\/form-data\" method=\"post\" id=\"wppb-register-user\" class=\"wppb-user-forms wppb-register-user wppb-user-logged-out\" action=\"https:\/\/yinkata.com\/hanhtrinh\/index.php\/wp-json\/wp\/v2\/pages\/79\">\n\t\t\t<ul><li class=\"wppb-form-field wppb-default-password\" id=\"wppb-form-element-12\">\n\t\t\t<label for=\"passw1\">M\u1eadt kh\u1ea9u<span class=\"wppb-required\" title=\"This field is required\">*<\/span><\/label>\n\t\t\t<input class=\"text-input \" name=\"passw1\" maxlength=\"70\" type=\"password\" id=\"passw1\" value=\"\" autocomplete=\"off\" \/><span class=\"wppb-description-delimiter\">Minimum length of 8 characters. <br>The password must have a minimum strength of Strong<\/span><span id=\"pass-strength-result\">Strength indicator<\/span>\n        <input type=\"hidden\" value=\"\" name=\"wppb_password_strength\" id=\"wppb_password_strength\"\/><\/li><li class=\"wppb-form-field wppb-default-repeat-password\" id=\"wppb-form-element-13\">\n\t\t\t<label for=\"passw2\">Nh\u1eadp l\u1ea1i m\u1eadt kh\u1ea9u<span class=\"wppb-required\" title=\"This field is required\">*<\/span><\/label>\n\t\t\t<input class=\"text-input \" name=\"passw2\" maxlength=\"70\" type=\"password\" id=\"passw2\" value=\"\" autocomplete=\"off\" \/><\/li><li class=\"wppb-form-field wppb-textarea\" id=\"wppb-form-element-5\">\n\t\t\t\t<label for=\"H\u1ecd & T\u00ean \u0111\u1ea7y \u0111\u1ee7\">H\u1ecd v\u00e0 T\u00ean<span class=\"wppb-required\" title=\"This field is required\">*<\/span><\/label>\n\t\t\t\t<textarea rows=\"5\" name=\"H\u1ecd & T\u00ean \u0111\u1ea7y \u0111\u1ee7\" maxlength=\"\" class=\"custom_field_textarea \" id=\"H\u1ecd & T\u00ean \u0111\u1ea7y \u0111\u1ee7\" wrap=\"virtual\" ><\/textarea><\/li><li class=\"wppb-form-field wppb-textarea\" id=\"wppb-form-element-18\">\n\t\t\t\t<label for=\"custom_field_5\">Ph\u00e1p Danh (N\u1ebfu c\u00f3)<\/label>\n\t\t\t\t<textarea rows=\"1\" name=\"custom_field_5\" maxlength=\"\" class=\"custom_field_textarea \" id=\"custom_field_5\" wrap=\"virtual\" ><\/textarea><\/li><li class=\"wppb-form-field wppb-select\" id=\"wppb-form-element-15\">\n\t\t\t\t<label for=\"custom_field_2\">Gi\u1edbi T\u00ednh<span class=\"wppb-required\" title=\"This field is required\">*<\/span><\/label>\n\t\t\t\t<select name=\"custom_field_2\" id=\"custom_field_2\" class=\"custom_field_select\" ><option value=\"Nam\" class=\"custom_field_select_option \" >Nam<\/option><option value=\"N\u1eef\" class=\"custom_field_select_option \" >N\u1eef<\/option><option value=\"Kh\u00e1c\" class=\"custom_field_select_option \" >Kh\u00e1c<\/option>\n\t\t\t\t<\/select><\/li><li class=\"wppb-form-field wppb-avatar\" id=\"wppb-form-element-14\"><label for=\"custom_field_1\">\u1ea2nh \u0110\u1ea1i Di\u1ec7n<\/label><input type=\"file\" id=\"upload_custom_field_1_button\" name=\"simple_upload_custom_field_1\"><p id=\"p_simple_upload_custom_field_1\"><\/p><input id=\"allowed_extensions_simple_upload_custom_field_1\" type=\"hidden\" size=\"36\" name=\"allowed_extensions_simple_upload_custom_field_1\" value=\"jpg,jpeg,gif,png\"\/><input id=\"custom_field_1\" type=\"hidden\" size=\"36\" name=\"custom_field_1\" value=\"\"\/><\/li><li class=\"wppb-form-field wppb-default-e-mail\" id=\"wppb-form-element-8\">\n\t\t\t<label for=\"email\">E-mail<span class=\"wppb-required\" title=\"This field is required\">*<\/span><\/label>\n\t\t\t<input class=\"text-input default_field_email \" name=\"email\" maxlength=\"70\" type=\"email\" id=\"email\" value=\"\"   \/><\/li><li class=\"wppb-form-field wppb-textarea\" id=\"wppb-form-element-16\">\n\t\t\t\t<label for=\"custom_field_3\">S\u1ed1 \u0110i\u1ec7n Tho\u1ea1i<span class=\"wppb-required\" title=\"This field is required\">*<\/span><\/label>\n\t\t\t\t<textarea rows=\"1\" name=\"custom_field_3\" maxlength=\"\" class=\"custom_field_textarea \" id=\"custom_field_3\" wrap=\"virtual\" ><\/textarea><\/li><li class=\"wppb-form-field wppb-textarea\" id=\"wppb-form-element-17\">\n\t\t\t\t<label for=\"custom_field_4\">N\u01a1i S\u1ed1ng<\/label>\n\t\t\t\t<textarea rows=\"1\" name=\"custom_field_4\" maxlength=\"\" class=\"custom_field_textarea \" id=\"custom_field_4\" wrap=\"virtual\" ><\/textarea><\/li><\/ul><ul><\/ul>\t\t\t<p class=\"form-submit\"  >\n\t\t\t\t                \t\t\t\t<input name=\"register\" type=\"submit\" id=\"register\" class=\"submit button\" value=\"Register\" \/>\n                <input name=\"redirect_to\" type=\"hidden\" value=\"\" \/>\n                \t\t\t\t<input name=\"action\" type=\"hidden\" id=\"action\" value=\"register\" \/>\n\t\t\t\t<input name=\"form_name\" type=\"hidden\" id=\"form_name\" value=\"unspecified\" \/>\n\t\t\t\t<input name=\"form_id\" type=\"hidden\" id=\"form_id\" value=\"\" \/>\n\t\t\t\t\t\t\t<\/p><!-- .form-submit -->\n\t\t\t<input type=\"hidden\" id=\"register_unspecified_nonce_field\" name=\"register_unspecified_nonce_field\" value=\"48f501e207\" \/><input type=\"hidden\" name=\"_wp_http_referer\" value=\"\/hanhtrinh\/index.php\/wp-json\/wp\/v2\/pages\/79\" \/>\t\t<\/form>\n\t\t\n","protected":false},"excerpt":{"rendered":"","protected":false},"author":1,"featured_media":0,"parent":0,"menu_order":0,"comment_status":"closed","ping_status":"closed","template":"","meta":{"footnotes":""},"class_list":["post-79","page","type-page","status-publish","hentry"],"aioseo_notices":[],"_links":{"self":[{"href":"https:\/\/yinkata.com\/hanhtrinh\/index.php\/wp-json\/wp\/v2\/pages\/79","targetHints":{"allow":["GET"]}}],"collection":[{"href":"https:\/\/yinkata.com\/hanhtrinh\/index.php\/wp-json\/wp\/v2\/pages"}],"about":[{"href":"https:\/\/yinkata.com\/hanhtrinh\/index.php\/wp-json\/wp\/v2\/types\/page"}],"author":[{"embeddable":true,"href":"https:\/\/yinkata.com\/hanhtrinh\/index.php\/wp-json\/wp\/v2\/users\/1"}],"replies":[{"embeddable":true,"href":"https:\/\/yinkata.com\/hanhtrinh\/index.php\/wp-json\/wp\/v2\/comments?post=79"}],"version-history":[{"count":1,"href":"https:\/\/yinkata.com\/hanhtrinh\/index.php\/wp-json\/wp\/v2\/pages\/79\/revisions"}],"predecessor-version":[{"id":84,"href":"https:\/\/yinkata.com\/hanhtrinh\/index.php\/wp-json\/wp\/v2\/pages\/79\/revisions\/84"}],"wp:attachment":[{"href":"https:\/\/yinkata.com\/hanhtrinh\/index.php\/wp-json\/wp\/v2\/media?parent=79"}],"curies":[{"name":"wp","href":"https:\/\/api.w.org\/{rel}","templated":true}]}}